{"id":704,"date":"2022-02-03T12:41:17","date_gmt":"2022-02-03T12:41:17","guid":{"rendered":"https:\/\/mitsingding.koeln\/?page_id=704"},"modified":"2022-02-12T10:23:07","modified_gmt":"2022-02-12T10:23:07","slug":"videos","status":"publish","type":"page","link":"https:\/\/mitsingding.koeln\/?page_id=704","title":{"rendered":"Videos"},"content":{"rendered":"\t\t<div data-elementor-type=\"wp-page\" data-elementor-id=\"704\" class=\"elementor elementor-704\" data-elementor-post-type=\"page\">\n\t\t\t\t\t\t<section class=\"elementor-section elementor-top-section elementor-element elementor-element-7ffa318 elementor-section-boxed elementor-section-height-default elementor-section-height-default\" data-id=\"7ffa318\" data-element_type=\"section\" data-e-type=\"section\" data-settings=\"{&quot;background_background&quot;:&quot;classic&quot;}\">\n\t\t\t\t\t\t<div class=\"elementor-container elementor-column-gap-default\">\n\t\t\t\t\t<div class=\"elementor-column elementor-col-100 elementor-top-column elementor-element elementor-element-423016b\" data-id=\"423016b\" data-element_type=\"column\" data-e-type=\"column\">\n\t\t\t<div class=\"elementor-widget-wrap elementor-element-populated\">\n\t\t\t\t\t\t<div class=\"elementor-element elementor-element-531e917 elementor-widget elementor-widget-video\" data-id=\"531e917\" data-element_type=\"widget\" data-e-type=\"widget\" data-settings=\"{&quot;video_type&quot;:&quot;hosted&quot;,&quot;autoplay&quot;:&quot;yes&quot;,&quot;play_on_mobile&quot;:&quot;yes&quot;,&quot;mute&quot;:&quot;yes&quot;,&quot;loop&quot;:&quot;yes&quot;}\" data-widget_type=\"video.default\">\n\t\t\t\t<div class=\"elementor-widget-container\">\n\t\t\t\t\t\t\t<div class=\"e-hosted-video elementor-wrapper elementor-open-inline\">\n\t\t\t\t\t<video class=\"elementor-video\" src=\"https:\/\/mitsingding.koeln\/wp-content\/uploads\/2022\/02\/Intro3.mp4\" autoplay=\"\" loop=\"\" muted=\"muted\" playsinline=\"\" controlsList=\"nodownload\"><\/video>\n\t\t\t\t<\/div>\n\t\t\t\t\t\t<\/div>\n\t\t\t\t<\/div>\n\t\t\t\t<div class=\"elementor-element elementor-element-92987ff elementor-widget elementor-widget-heading\" data-id=\"92987ff\" data-element_type=\"widget\" data-e-type=\"widget\" data-widget_type=\"heading.default\">\n\t\t\t\t<div class=\"elementor-widget-container\">\n\t\t\t\t\t<h2 class=\"elementor-heading-title elementor-size-default\">Hier einige Video-Sequenzen aus unserem K\u00f6lsch-Programm<\/h2>\t\t\t\t<\/div>\n\t\t\t\t<\/div>\n\t\t\t\t<div class=\"elementor-element elementor-element-b711f68 elementor-view-framed elementor-shape-circle elementor-widget elementor-widget-icon\" data-id=\"b711f68\" data-element_type=\"widget\" data-e-type=\"widget\" data-widget_type=\"icon.default\">\n\t\t\t\t<div class=\"elementor-widget-container\">\n\t\t\t\t\t\t\t<div class=\"elementor-icon-wrapper\">\n\t\t\t<div class=\"elementor-icon\">\n\t\t\t<i aria-hidden=\"true\" class=\"fas fa-video\"><\/i>\t\t\t<\/div>\n\t\t<\/div>\n\t\t\t\t\t\t<\/div>\n\t\t\t\t<\/div>\n\t\t\t\t\t<\/div>\n\t\t<\/div>\n\t\t\t\t\t<\/div>\n\t\t<\/section>\n\t\t\t\t<section class=\"elementor-section elementor-top-section elementor-element elementor-element-5bb8844 elementor-section-boxed elementor-section-height-default elementor-section-height-default\" data-id=\"5bb8844\" data-element_type=\"section\" data-e-type=\"section\">\n\t\t\t\t\t\t<div class=\"elementor-container elementor-column-gap-default\">\n\t\t\t\t\t<div class=\"elementor-column elementor-col-100 elementor-top-column elementor-element elementor-element-35c6ae0\" data-id=\"35c6ae0\" data-element_type=\"column\" data-e-type=\"column\">\n\t\t\t<div class=\"elementor-widget-wrap elementor-element-populated\">\n\t\t\t\t\t\t<div class=\"elementor-element elementor-element-657848b elementor-widget elementor-widget-video\" data-id=\"657848b\" data-element_type=\"widget\" data-e-type=\"widget\" data-settings=\"{&quot;youtube_url&quot;:&quot;https:\\\/\\\/youtu.be\\\/jpOcCU0h9vk&quot;,&quot;video_type&quot;:&quot;youtube&quot;,&quot;controls&quot;:&quot;yes&quot;}\" data-widget_type=\"video.default\">\n\t\t\t\t<div class=\"elementor-widget-container\">\n\t\t\t\t\t\t\t<div class=\"elementor-wrapper elementor-open-inline\">\n\t\t\t<div class=\"elementor-video\"><\/div>\t\t<\/div>\n\t\t\t\t\t\t<\/div>\n\t\t\t\t<\/div>\n\t\t\t\t<div class=\"elementor-element elementor-element-8a0957c elementor-widget elementor-widget-video\" data-id=\"8a0957c\" data-element_type=\"widget\" data-e-type=\"widget\" data-settings=\"{&quot;youtube_url&quot;:&quot;https:\\\/\\\/youtu.be\\\/nOofPqTRuEk&quot;,&quot;video_type&quot;:&quot;youtube&quot;,&quot;controls&quot;:&quot;yes&quot;}\" data-widget_type=\"video.default\">\n\t\t\t\t<div class=\"elementor-widget-container\">\n\t\t\t\t\t\t\t<div class=\"elementor-wrapper elementor-open-inline\">\n\t\t\t<div class=\"elementor-video\"><\/div>\t\t<\/div>\n\t\t\t\t\t\t<\/div>\n\t\t\t\t<\/div>\n\t\t\t\t\t<\/div>\n\t\t<\/div>\n\t\t\t\t\t<\/div>\n\t\t<\/section>\n\t\t\t\t<section class=\"elementor-section elementor-top-section elementor-element elementor-element-dcfc43c elementor-section-boxed elementor-section-height-default elementor-section-height-default\" data-id=\"dcfc43c\" data-element_type=\"section\" data-e-type=\"section\">\n\t\t\t\t\t\t<div class=\"elementor-container elementor-column-gap-default\">\n\t\t\t\t\t<div class=\"elementor-column elementor-col-100 elementor-top-column elementor-element elementor-element-07b0cd6\" data-id=\"07b0cd6\" data-element_type=\"column\" data-e-type=\"column\">\n\t\t\t<div class=\"elementor-widget-wrap elementor-element-populated\">\n\t\t\t\t\t\t<div class=\"elementor-element elementor-element-b7421ad elementor-widget elementor-widget-video\" data-id=\"b7421ad\" data-element_type=\"widget\" data-e-type=\"widget\" data-settings=\"{&quot;youtube_url&quot;:&quot;https:\\\/\\\/youtu.be\\\/6DLSpa-Oo08&quot;,&quot;video_type&quot;:&quot;youtube&quot;,&quot;controls&quot;:&quot;yes&quot;}\" data-widget_type=\"video.default\">\n\t\t\t\t<div class=\"elementor-widget-container\">\n\t\t\t\t\t\t\t<div class=\"elementor-wrapper elementor-open-inline\">\n\t\t\t<div class=\"elementor-video\"><\/div>\t\t<\/div>\n\t\t\t\t\t\t<\/div>\n\t\t\t\t<\/div>\n\t\t\t\t\t<\/div>\n\t\t<\/div>\n\t\t\t\t\t<\/div>\n\t\t<\/section>\n\t\t\t\t<section class=\"elementor-section elementor-top-section elementor-element elementor-element-4ba47d2 elementor-section-boxed elementor-section-height-default elementor-section-height-default\" data-id=\"4ba47d2\" data-element_type=\"section\" data-e-type=\"section\">\n\t\t\t\t\t\t<div class=\"elementor-container elementor-column-gap-default\">\n\t\t\t\t\t<div class=\"elementor-column elementor-col-100 elementor-top-column elementor-element elementor-element-5e2e4cf\" data-id=\"5e2e4cf\" data-element_type=\"column\" data-e-type=\"column\">\n\t\t\t<div class=\"elementor-widget-wrap elementor-element-populated\">\n\t\t\t\t\t\t<div class=\"elementor-element elementor-element-791edad elementor-widget elementor-widget-video\" data-id=\"791edad\" data-element_type=\"widget\" data-e-type=\"widget\" data-settings=\"{&quot;youtube_url&quot;:&quot;https:\\\/\\\/youtu.be\\\/BZUJUow5emo&quot;,&quot;video_type&quot;:&quot;youtube&quot;,&quot;controls&quot;:&quot;yes&quot;}\" data-widget_type=\"video.default\">\n\t\t\t\t<div class=\"elementor-widget-container\">\n\t\t\t\t\t\t\t<div class=\"elementor-wrapper elementor-open-inline\">\n\t\t\t<div class=\"elementor-video\"><\/div>\t\t<\/div>\n\t\t\t\t\t\t<\/div>\n\t\t\t\t<\/div>\n\t\t\t\t\t<\/div>\n\t\t<\/div>\n\t\t\t\t\t<\/div>\n\t\t<\/section>\n\t\t\t\t<section class=\"elementor-section elementor-top-section elementor-element elementor-element-72aec5d elementor-section-boxed elementor-section-height-default elementor-section-height-default\" data-id=\"72aec5d\" data-element_type=\"section\" data-e-type=\"section\">\n\t\t\t\t\t\t<div class=\"elementor-container elementor-column-gap-default\">\n\t\t\t\t\t<div class=\"elementor-column elementor-col-100 elementor-top-column elementor-element elementor-element-1aeac51\" data-id=\"1aeac51\" data-element_type=\"column\" data-e-type=\"column\">\n\t\t\t<div class=\"elementor-widget-wrap elementor-element-populated\">\n\t\t\t\t\t\t<div class=\"elementor-element elementor-element-39950ea elementor-widget elementor-widget-video\" data-id=\"39950ea\" data-element_type=\"widget\" data-e-type=\"widget\" data-settings=\"{&quot;youtube_url&quot;:&quot;https:\\\/\\\/youtu.be\\\/VSZ6R3w2m2o&quot;,&quot;video_type&quot;:&quot;youtube&quot;,&quot;controls&quot;:&quot;yes&quot;}\" data-widget_type=\"video.default\">\n\t\t\t\t<div class=\"elementor-widget-container\">\n\t\t\t\t\t\t\t<div class=\"elementor-wrapper elementor-open-inline\">\n\t\t\t<div class=\"elementor-video\"><\/div>\t\t<\/div>\n\t\t\t\t\t\t<\/div>\n\t\t\t\t<\/div>\n\t\t\t\t\t<\/div>\n\t\t<\/div>\n\t\t\t\t\t<\/div>\n\t\t<\/section>\n\t\t\t\t<section class=\"elementor-section elementor-top-section elementor-element elementor-element-8f66bdc elementor-section-boxed elementor-section-height-default elementor-section-height-default\" data-id=\"8f66bdc\" data-element_type=\"section\" data-e-type=\"section\">\n\t\t\t\t\t\t<div class=\"elementor-container elementor-column-gap-default\">\n\t\t\t\t\t<div class=\"elementor-column elementor-col-100 elementor-top-column elementor-element elementor-element-4aa4070\" data-id=\"4aa4070\" data-element_type=\"column\" data-e-type=\"column\">\n\t\t\t<div class=\"elementor-widget-wrap elementor-element-populated\">\n\t\t\t\t\t\t<div class=\"elementor-element elementor-element-83b4fc8 elementor-widget elementor-widget-video\" data-id=\"83b4fc8\" data-element_type=\"widget\" data-e-type=\"widget\" data-settings=\"{&quot;youtube_url&quot;:&quot;https:\\\/\\\/youtu.be\\\/wf6sxJfGvdM&quot;,&quot;video_type&quot;:&quot;youtube&quot;,&quot;controls&quot;:&quot;yes&quot;}\" data-widget_type=\"video.default\">\n\t\t\t\t<div class=\"elementor-widget-container\">\n\t\t\t\t\t\t\t<div class=\"elementor-wrapper elementor-open-inline\">\n\t\t\t<div class=\"elementor-video\"><\/div>\t\t<\/div>\n\t\t\t\t\t\t<\/div>\n\t\t\t\t<\/div>\n\t\t\t\t\t<\/div>\n\t\t<\/div>\n\t\t\t\t\t<\/div>\n\t\t<\/section>\n\t\t\t\t<section class=\"elementor-section elementor-top-section elementor-element elementor-element-735f240 elementor-section-boxed elementor-section-height-default elementor-section-height-default\" data-id=\"735f240\" data-element_type=\"section\" data-e-type=\"section\">\n\t\t\t\t\t\t<div class=\"elementor-container elementor-column-gap-default\">\n\t\t\t\t\t<div class=\"elementor-column elementor-col-100 elementor-top-column elementor-element elementor-element-bf0bb87\" data-id=\"bf0bb87\" data-element_type=\"column\" data-e-type=\"column\">\n\t\t\t<div class=\"elementor-widget-wrap elementor-element-populated\">\n\t\t\t\t\t\t<div class=\"elementor-element elementor-element-e17025f elementor-widget elementor-widget-video\" data-id=\"e17025f\" data-element_type=\"widget\" data-e-type=\"widget\" data-settings=\"{&quot;youtube_url&quot;:&quot;https:\\\/\\\/youtu.be\\\/yha-uw8e09Q&quot;,&quot;video_type&quot;:&quot;youtube&quot;,&quot;controls&quot;:&quot;yes&quot;}\" data-widget_type=\"video.default\">\n\t\t\t\t<div class=\"elementor-widget-container\">\n\t\t\t\t\t\t\t<div class=\"elementor-wrapper elementor-open-inline\">\n\t\t\t<div class=\"elementor-video\"><\/div>\t\t<\/div>\n\t\t\t\t\t\t<\/div>\n\t\t\t\t<\/div>\n\t\t\t\t\t<\/div>\n\t\t<\/div>\n\t\t\t\t\t<\/div>\n\t\t<\/section>\n\t\t\t\t<\/div>\n\t\t","protected":false},"excerpt":{"rendered":"<p>https:\/\/mitsingding.koeln\/wp-content\/uploads\/2022\/02\/Intro3.mp4 Hier einige Video-Sequenzen aus unserem K\u00f6lsch-Programm https:\/\/youtu.be\/jpOcCU0h9vkhttps:\/\/youtu.be\/nOofPqTRuEkhttps:\/\/youtu.be\/6DLSpa-Oo08https:\/\/youtu.be\/BZUJUow5emohttps:\/\/youtu.be\/VSZ6R3w2m2ohttps:\/\/youtu.be\/wf6sxJfGvdMhttps:\/\/youtu.be\/yha-uw8e09Q<\/p>\n","protected":false},"author":1,"featured_media":0,"parent":0,"menu_order":0,"comment_status":"closed","ping_status":"closed","template":"","meta":{"_monsterinsights_skip_tracking":false,"_monsterinsights_sitenote_active":false,"_monsterinsights_sitenote_note":"","_monsterinsights_sitenote_category":0,"footnotes":""},"class_list":["post-704","page","type-page","status-publish","hentry"],"yoast_head":"<!-- This site is optimized with the Yoast SEO plugin v27.4 - https:\/\/yoast.com\/product\/yoast-seo-wordpress\/ -->\n<title>Videos - Mit Sing Ding<\/title>\n<meta name=\"robots\" content=\"index, follow, max-snippet:-1, max-image-preview:large, max-video-preview:-1\" \/>\n<link rel=\"canonical\" href=\"https:\/\/mitsingding.koeln\/?page_id=704\" \/>\n<meta property=\"og:locale\" content=\"de_DE\" \/>\n<meta property=\"og:type\" content=\"article\" \/>\n<meta property=\"og:title\" content=\"Videos - Mit Sing Ding\" \/>\n<meta property=\"og:description\" content=\"https:\/\/mitsingding.koeln\/wp-content\/uploads\/2022\/02\/Intro3.mp4 Hier einige Video-Sequenzen aus unserem K\u00f6lsch-Programm https:\/\/youtu.be\/jpOcCU0h9vkhttps:\/\/youtu.be\/nOofPqTRuEkhttps:\/\/youtu.be\/6DLSpa-Oo08https:\/\/youtu.be\/BZUJUow5emohttps:\/\/youtu.be\/VSZ6R3w2m2ohttps:\/\/youtu.be\/wf6sxJfGvdMhttps:\/\/youtu.be\/yha-uw8e09Q\" \/>\n<meta property=\"og:url\" content=\"https:\/\/mitsingding.koeln\/?page_id=704\" \/>\n<meta property=\"og:site_name\" content=\"Mit Sing Ding\" \/>\n<meta property=\"article:modified_time\" content=\"2022-02-12T10:23:07+00:00\" \/>\n<meta name=\"twitter:card\" content=\"summary_large_image\" \/>\n<meta name=\"twitter:label1\" content=\"Gesch\u00e4tzte Lesezeit\" \/>\n\t<meta name=\"twitter:data1\" content=\"1\u00a0Minute\" \/>\n<script type=\"application\/ld+json\" class=\"yoast-schema-graph\">{\"@context\":\"https:\\\/\\\/schema.org\",\"@graph\":[{\"@type\":\"WebPage\",\"@id\":\"https:\\\/\\\/mitsingding.koeln\\\/?page_id=704\",\"url\":\"https:\\\/\\\/mitsingding.koeln\\\/?page_id=704\",\"name\":\"Videos - Mit Sing Ding\",\"isPartOf\":{\"@id\":\"https:\\\/\\\/mitsingding.koeln\\\/#website\"},\"datePublished\":\"2022-02-03T12:41:17+00:00\",\"dateModified\":\"2022-02-12T10:23:07+00:00\",\"breadcrumb\":{\"@id\":\"https:\\\/\\\/mitsingding.koeln\\\/?page_id=704#breadcrumb\"},\"inLanguage\":\"de\",\"potentialAction\":[{\"@type\":\"ReadAction\",\"target\":[\"https:\\\/\\\/mitsingding.koeln\\\/?page_id=704\"]}]},{\"@type\":\"BreadcrumbList\",\"@id\":\"https:\\\/\\\/mitsingding.koeln\\\/?page_id=704#breadcrumb\",\"itemListElement\":[{\"@type\":\"ListItem\",\"position\":1,\"name\":\"Startseite\",\"item\":\"https:\\\/\\\/mitsingding.koeln\\\/\"},{\"@type\":\"ListItem\",\"position\":2,\"name\":\"Videos\"}]},{\"@type\":\"WebSite\",\"@id\":\"https:\\\/\\\/mitsingding.koeln\\\/#website\",\"url\":\"https:\\\/\\\/mitsingding.koeln\\\/\",\"name\":\"Mit Sing Ding\",\"description\":\"K\u00f6lsche Partyband, K\u00f6lsche Band, Musik, Live Musik, Hochzeitband, Karnevalsband, Live Band, Karneval, Sommerfest, Oktoberfest, Sitzung, Karnevalsparty, Eventband, Stadtfest Band, Firmenevent, Geburtstagsparty Band, Musikgruppe, Musikband, K\u00f6ln, H\u00f6hner, Bl\u00e4ck F\u00f6\u00f6ss, Brings, R\u00e4uber, Querbeat, Milj\u00f6, Kassala, Boore, Cat Ballou, Paveier, Kl\u00fcngelk\u00f6pp, Kuhl un de Gang, Wicky Junggeburth, Willy Millowitsch, Hans Knipp\",\"publisher\":{\"@id\":\"https:\\\/\\\/mitsingding.koeln\\\/#organization\"},\"potentialAction\":[{\"@type\":\"SearchAction\",\"target\":{\"@type\":\"EntryPoint\",\"urlTemplate\":\"https:\\\/\\\/mitsingding.koeln\\\/?s={search_term_string}\"},\"query-input\":{\"@type\":\"PropertyValueSpecification\",\"valueRequired\":true,\"valueName\":\"search_term_string\"}}],\"inLanguage\":\"de\"},{\"@type\":\"Organization\",\"@id\":\"https:\\\/\\\/mitsingding.koeln\\\/#organization\",\"name\":\"Mit Sing Ding\",\"url\":\"https:\\\/\\\/mitsingding.koeln\\\/\",\"logo\":{\"@type\":\"ImageObject\",\"inLanguage\":\"de\",\"@id\":\"https:\\\/\\\/mitsingding.koeln\\\/#\\\/schema\\\/logo\\\/image\\\/\",\"url\":\"https:\\\/\\\/i0.wp.com\\\/mitsingding.koeln\\\/wp-content\\\/uploads\\\/2022\\\/01\\\/SmallSquareLogoJpg.jpg?fit=200%2C200&ssl=1\",\"contentUrl\":\"https:\\\/\\\/i0.wp.com\\\/mitsingding.koeln\\\/wp-content\\\/uploads\\\/2022\\\/01\\\/SmallSquareLogoJpg.jpg?fit=200%2C200&ssl=1\",\"width\":200,\"height\":200,\"caption\":\"Mit Sing Ding\"},\"image\":{\"@id\":\"https:\\\/\\\/mitsingding.koeln\\\/#\\\/schema\\\/logo\\\/image\\\/\"},\"sameAs\":[\"https:\\\/\\\/www.youtube.com\\\/channel\\\/UCSnPg3GAzo3YnnLnVsaLHmA\\\/featured\"]}]}<\/script>\n<!-- \/ Yoast SEO plugin. -->","yoast_head_json":{"title":"Videos - Mit Sing Ding","robots":{"index":"index","follow":"follow","max-snippet":"max-snippet:-1","max-image-preview":"max-image-preview:large","max-video-preview":"max-video-preview:-1"},"canonical":"https:\/\/mitsingding.koeln\/?page_id=704","og_locale":"de_DE","og_type":"article","og_title":"Videos - Mit Sing Ding","og_description":"https:\/\/mitsingding.koeln\/wp-content\/uploads\/2022\/02\/Intro3.mp4 Hier einige Video-Sequenzen aus unserem K\u00f6lsch-Programm https:\/\/youtu.be\/jpOcCU0h9vkhttps:\/\/youtu.be\/nOofPqTRuEkhttps:\/\/youtu.be\/6DLSpa-Oo08https:\/\/youtu.be\/BZUJUow5emohttps:\/\/youtu.be\/VSZ6R3w2m2ohttps:\/\/youtu.be\/wf6sxJfGvdMhttps:\/\/youtu.be\/yha-uw8e09Q","og_url":"https:\/\/mitsingding.koeln\/?page_id=704","og_site_name":"Mit Sing Ding","article_modified_time":"2022-02-12T10:23:07+00:00","twitter_card":"summary_large_image","twitter_misc":{"Gesch\u00e4tzte Lesezeit":"1\u00a0Minute"},"schema":{"@context":"https:\/\/schema.org","@graph":[{"@type":"WebPage","@id":"https:\/\/mitsingding.koeln\/?page_id=704","url":"https:\/\/mitsingding.koeln\/?page_id=704","name":"Videos - Mit Sing Ding","isPartOf":{"@id":"https:\/\/mitsingding.koeln\/#website"},"datePublished":"2022-02-03T12:41:17+00:00","dateModified":"2022-02-12T10:23:07+00:00","breadcrumb":{"@id":"https:\/\/mitsingding.koeln\/?page_id=704#breadcrumb"},"inLanguage":"de","potentialAction":[{"@type":"ReadAction","target":["https:\/\/mitsingding.koeln\/?page_id=704"]}]},{"@type":"BreadcrumbList","@id":"https:\/\/mitsingding.koeln\/?page_id=704#breadcrumb","itemListElement":[{"@type":"ListItem","position":1,"name":"Startseite","item":"https:\/\/mitsingding.koeln\/"},{"@type":"ListItem","position":2,"name":"Videos"}]},{"@type":"WebSite","@id":"https:\/\/mitsingding.koeln\/#website","url":"https:\/\/mitsingding.koeln\/","name":"Mit Sing Ding","description":"K\u00f6lsche Partyband, K\u00f6lsche Band, Musik, Live Musik, Hochzeitband, Karnevalsband, Live Band, Karneval, Sommerfest, Oktoberfest, Sitzung, Karnevalsparty, Eventband, Stadtfest Band, Firmenevent, Geburtstagsparty Band, Musikgruppe, Musikband, K\u00f6ln, H\u00f6hner, Bl\u00e4ck F\u00f6\u00f6ss, Brings, R\u00e4uber, Querbeat, Milj\u00f6, Kassala, Boore, Cat Ballou, Paveier, Kl\u00fcngelk\u00f6pp, Kuhl un de Gang, Wicky Junggeburth, Willy Millowitsch, Hans Knipp","publisher":{"@id":"https:\/\/mitsingding.koeln\/#organization"},"potentialAction":[{"@type":"SearchAction","target":{"@type":"EntryPoint","urlTemplate":"https:\/\/mitsingding.koeln\/?s={search_term_string}"},"query-input":{"@type":"PropertyValueSpecification","valueRequired":true,"valueName":"search_term_string"}}],"inLanguage":"de"},{"@type":"Organization","@id":"https:\/\/mitsingding.koeln\/#organization","name":"Mit Sing Ding","url":"https:\/\/mitsingding.koeln\/","logo":{"@type":"ImageObject","inLanguage":"de","@id":"https:\/\/mitsingding.koeln\/#\/schema\/logo\/image\/","url":"https:\/\/i0.wp.com\/mitsingding.koeln\/wp-content\/uploads\/2022\/01\/SmallSquareLogoJpg.jpg?fit=200%2C200&ssl=1","contentUrl":"https:\/\/i0.wp.com\/mitsingding.koeln\/wp-content\/uploads\/2022\/01\/SmallSquareLogoJpg.jpg?fit=200%2C200&ssl=1","width":200,"height":200,"caption":"Mit Sing Ding"},"image":{"@id":"https:\/\/mitsingding.koeln\/#\/schema\/logo\/image\/"},"sameAs":["https:\/\/www.youtube.com\/channel\/UCSnPg3GAzo3YnnLnVsaLHmA\/featured"]}]}},"jetpack_sharing_enabled":true,"_links":{"self":[{"href":"https:\/\/mitsingding.koeln\/index.php?rest_route=\/wp\/v2\/pages\/704","targetHints":{"allow":["GET"]}}],"collection":[{"href":"https:\/\/mitsingding.koeln\/index.php?rest_route=\/wp\/v2\/pages"}],"about":[{"href":"https:\/\/mitsingding.koeln\/index.php?rest_route=\/wp\/v2\/types\/page"}],"author":[{"embeddable":true,"href":"https:\/\/mitsingding.koeln\/index.php?rest_route=\/wp\/v2\/users\/1"}],"replies":[{"embeddable":true,"href":"https:\/\/mitsingding.koeln\/index.php?rest_route=%2Fwp%2Fv2%2Fcomments&post=704"}],"version-history":[{"count":67,"href":"https:\/\/mitsingding.koeln\/index.php?rest_route=\/wp\/v2\/pages\/704\/revisions"}],"predecessor-version":[{"id":3906,"href":"https:\/\/mitsingding.koeln\/index.php?rest_route=\/wp\/v2\/pages\/704\/revisions\/3906"}],"wp:attachment":[{"href":"https:\/\/mitsingding.koeln\/index.php?rest_route=%2Fwp%2Fv2%2Fmedia&parent=704"}],"curies":[{"name":"wp","href":"https:\/\/api.w.org\/{rel}","templated":true}]}}