{"id":707,"date":"2022-02-03T12:41:17","date_gmt":"2022-02-03T12:41:17","guid":{"rendered":"https:\/\/mitsingding.koeln\/?page_id=707"},"modified":"2026-02-02T23:55:36","modified_gmt":"2026-02-02T23:55:36","slug":"koelsches-programm","status":"publish","type":"page","link":"https:\/\/mitsingding.koeln\/?page_id=707","title":{"rendered":"K\u00f6lsches Programm"},"content":{"rendered":"<div data-elementor-type=\"wp-page\" data-elementor-id=\"707\" class=\"elementor elementor-707\" data-elementor-post-type=\"page\">\n\t\t\t\t\t\t<section class=\"elementor-section elementor-top-section elementor-element elementor-element-4fc8aa7 elementor-section-boxed elementor-section-height-default elementor-section-height-default\" data-id=\"4fc8aa7\" data-element_type=\"section\" data-e-type=\"section\">\n\t\t\t\t\t\t<div class=\"elementor-container elementor-column-gap-default\">\n\t\t\t\t\t<div class=\"elementor-column elementor-col-100 elementor-top-column elementor-element elementor-element-050f25e\" data-id=\"050f25e\" data-element_type=\"column\" data-e-type=\"column\">\n\t\t\t<div class=\"elementor-widget-wrap elementor-element-populated\">\n\t\t\t\t\t\t<div class=\"elementor-element elementor-element-895aa02 elementor-widget elementor-widget-video\" data-id=\"895aa02\" data-element_type=\"widget\" data-e-type=\"widget\" data-settings=\"{&quot;video_type&quot;:&quot;hosted&quot;,&quot;autoplay&quot;:&quot;yes&quot;,&quot;play_on_mobile&quot;:&quot;yes&quot;,&quot;mute&quot;:&quot;yes&quot;,&quot;loop&quot;:&quot;yes&quot;}\" data-widget_type=\"video.default\">\n\t\t\t\t<div class=\"elementor-widget-container\">\n\t\t\t\t\t\t\t<div class=\"e-hosted-video elementor-wrapper elementor-open-inline\">\n\t\t\t\t\t<video class=\"elementor-video\" src=\"https:\/\/mitsingding.koeln\/wp-content\/uploads\/2022\/02\/Intro4.mp4\" autoplay loop muted=\"muted\" playsinline controlslist=\"nodownload\"><\/video>\n\t\t\t\t<\/div>\n\t\t\t\t\t\t<\/div>\n\t\t\t\t<\/div>\n\t\t\t\t<div class=\"elementor-element elementor-element-9da6fcb elementor-widget elementor-widget-heading\" data-id=\"9da6fcb\" data-element_type=\"widget\" data-e-type=\"widget\" data-widget_type=\"heading.default\">\n\t\t\t\t<div class=\"elementor-widget-container\">\n\t\t\t\t\t<h1 class=\"elementor-heading-title elementor-size-xxl\">Mer spille met H\u00e4tz\n<\/h1>\t\t\t\t<\/div>\n\t\t\t\t<\/div>\n\t\t\t\t<div class=\"elementor-element elementor-element-b7c2c93 elementor-widget elementor-widget-heading\" data-id=\"b7c2c93\" data-element_type=\"widget\" data-e-type=\"widget\" data-widget_type=\"heading.default\">\n\t\t\t\t<div class=\"elementor-widget-container\">\n\t\t\t\t\t<h2 class=\"elementor-heading-title elementor-size-default\">Stellt Euer Wunschprogramm selber zusammen!\n<\/h2>\t\t\t\t<\/div>\n\t\t\t\t<\/div>\n\t\t\t\t<section class=\"elementor-section elementor-inner-section elementor-element elementor-element-dcc8c72 elementor-section-boxed elementor-section-height-default elementor-section-height-default\" data-id=\"dcc8c72\" data-element_type=\"section\" data-e-type=\"section\">\n\t\t\t\t\t\t<div class=\"elementor-container elementor-column-gap-default\">\n\t\t\t\t\t<div class=\"elementor-column elementor-col-50 elementor-inner-column elementor-element elementor-element-93b6489\" data-id=\"93b6489\" data-element_type=\"column\" data-e-type=\"column\">\n\t\t\t<div class=\"elementor-widget-wrap elementor-element-populated\">\n\t\t\t\t\t\t<div class=\"elementor-element elementor-element-5b93490 elementor-widget elementor-widget-text-editor\" data-id=\"5b93490\" data-element_type=\"widget\" data-e-type=\"widget\" data-widget_type=\"text-editor.default\">\n\t\t\t\t<div class=\"elementor-widget-container\">\n\t\t\t\t\t\t\t\t\t<h3><strong>BL\u00c4CK F\u00d6\u00d6SS<\/strong><\/h3><p>Mir losse d\u2019r Dom en K\u00f6lle<\/p><p>In unserem Veedel<\/p><p>Mer bruche keiner (Ahl S\u00e4u)<\/p><p>Bye Bye my love<\/p><p>De Mama kritt schon widder e Kind<\/p><p>Kaffebud<\/p><p>Drink doch ene met<\/p><p>Ming eetste Fr\u00fcndin<\/p><p>En d\u2019r Kayjass Nummer Null<\/p><p>Katrin<\/p><p>Du bis die Stadt<\/p><p>Unsere Stammbaum<\/p><p>Et Spanien Leed<\/p><p>P\u00fctze Hein<\/p><h3><strong>Trude Herr &amp; W. Niedecken<\/strong><\/h3><p>Niemals geht man so ganz<\/p>\t\t\t\t\t\t\t\t<\/div>\n\t\t\t\t<\/div>\n\t\t\t\t\t<\/div>\n\t\t<\/div>\n\t\t\t\t<div class=\"elementor-column elementor-col-50 elementor-inner-column elementor-element elementor-element-179102b\" data-id=\"179102b\" data-element_type=\"column\" data-e-type=\"column\">\n\t\t\t<div class=\"elementor-widget-wrap elementor-element-populated\">\n\t\t\t\t\t\t<div class=\"elementor-element elementor-element-c34febf elementor-widget elementor-widget-text-editor\" data-id=\"c34febf\" data-element_type=\"widget\" data-e-type=\"widget\" data-widget_type=\"text-editor.default\">\n\t\t\t\t<div class=\"elementor-widget-container\">\n\t\t\t\t\t\t\t\t\t<h3><strong>H\u00d6HNER <\/strong><\/h3><p>Prinzessin<\/p><p>Mer stonn zo dir FC K\u00f6lle<\/p><p>Schenk mir dein Herz<\/p><p>Hey K\u00f6lle<\/p><p>Ich bin ne R\u00e4uber<\/p><p>Viva Colonia<\/p><p>Echte Fr\u00fcnde<\/p><p>Blootwoosch, K\u00f6lsch un e lecker M\u00e4dche<\/p><h3><strong>BRINGS<\/strong><\/h3><p>Superjeilezick<\/p><p>K\u00f6lsche Jung<\/p><p>Su lang mer noch am l\u00e4\u00e4ve sin<\/p><h3><strong>BAP<\/strong><\/h3><p>Verdamp lan her<\/p><h3><strong>AnnenMayKantereit<\/strong><\/h3><p>Tommi<\/p>\t\t\t\t\t\t\t\t<\/div>\n\t\t\t\t<\/div>\n\t\t\t\t\t<\/div>\n\t\t<\/div>\n\t\t\t\t\t<\/div>\n\t\t<\/section>\n\t\t\t\t\t<\/div>\n\t\t<\/div>\n\t\t\t\t\t<\/div>\n\t\t<\/section>\n\t\t\t\t<section class=\"elementor-section elementor-top-section elementor-element elementor-element-e0612d1 elementor-section-boxed elementor-section-height-default elementor-section-height-default\" data-id=\"e0612d1\" data-element_type=\"section\" data-e-type=\"section\">\n\t\t\t\t\t\t<div class=\"elementor-container elementor-column-gap-default\">\n\t\t\t\t\t<div class=\"elementor-column elementor-col-50 elementor-top-column elementor-element elementor-element-232cfcc\" data-id=\"232cfcc\" data-element_type=\"column\" data-e-type=\"column\">\n\t\t\t<div class=\"elementor-widget-wrap elementor-element-populated\">\n\t\t\t\t\t\t<div class=\"elementor-element elementor-element-75aa066 elementor-widget elementor-widget-text-editor\" data-id=\"75aa066\" data-element_type=\"widget\" data-e-type=\"widget\" data-widget_type=\"text-editor.default\">\n\t\t\t\t<div class=\"elementor-widget-container\">\n\t\t\t\t\t\t\t\t\t<h3><strong>R\u00c4UBER <\/strong><\/h3><p>Dat is Heimat&nbsp;<\/p><p>Denn wenn et Tr\u00f6mmelche jeiht<\/p><p>F\u00fcr die Ewigkeit<\/p><h3><strong>Milj\u00f6 <\/strong><\/h3><p>Su lang die Leechter noch brenne<\/p><p>Wolkeplatz<\/p><h3><strong>Querbeat <\/strong><\/h3><p>Nie mehr Fastelovend<\/p><p>Tschingderassabum<\/p><h3><strong>Druckluft<\/strong><\/h3><p>Karnevalsmaus<\/p>\t\t\t\t\t\t\t\t<\/div>\n\t\t\t\t<\/div>\n\t\t\t\t\t<\/div>\n\t\t<\/div>\n\t\t\t\t<div class=\"elementor-column elementor-col-50 elementor-top-column elementor-element elementor-element-d06bde2\" data-id=\"d06bde2\" data-element_type=\"column\" data-e-type=\"column\">\n\t\t\t<div class=\"elementor-widget-wrap elementor-element-populated\">\n\t\t\t\t\t\t<div class=\"elementor-element elementor-element-a0ad666 elementor-widget elementor-widget-text-editor\" data-id=\"a0ad666\" data-element_type=\"widget\" data-e-type=\"widget\" data-widget_type=\"text-editor.default\">\n\t\t\t\t<div class=\"elementor-widget-container\">\n\t\t\t\t\t\t\t\t\t<h3><strong>Kasalla <\/strong><\/h3><p>Pirate<\/p><p>Alle Jl\u00e4ser huh<\/p><h3><strong>Boore <\/strong><\/h3><p>Nur met Dir<\/p><p>Rut sin de Ruse<\/p><h3><strong>Hans Knipp <\/strong><\/h3><p>Mir schenke d\u2018r Ahl e paar Bl\u00f6mcher<\/p><h3><strong>Cat Ballou <\/strong><\/h3><p>Et jitt kein Wood<\/p><p>H\u00fcck steiht de Welt still<\/p>\t\t\t\t\t\t\t\t<\/div>\n\t\t\t\t<\/div>\n\t\t\t\t\t<\/div>\n\t\t<\/div>\n\t\t\t\t\t<\/div>\n\t\t<\/section>\n\t\t\t\t<section class=\"elementor-section elementor-top-section elementor-element elementor-element-abec130 elementor-section-boxed elementor-section-height-default elementor-section-height-default\" data-id=\"abec130\" data-element_type=\"section\" data-e-type=\"section\">\n\t\t\t\t\t\t<div class=\"elementor-container elementor-column-gap-default\">\n\t\t\t\t\t<div class=\"elementor-column elementor-col-50 elementor-top-column elementor-element elementor-element-ab6157a\" data-id=\"ab6157a\" data-element_type=\"column\" data-e-type=\"column\">\n\t\t\t<div class=\"elementor-widget-wrap elementor-element-populated\">\n\t\t\t\t\t\t<div class=\"elementor-element elementor-element-c0a2ebe elementor-widget elementor-widget-text-editor\" data-id=\"c0a2ebe\" data-element_type=\"widget\" data-e-type=\"widget\" data-widget_type=\"text-editor.default\">\n\t\t\t\t<div class=\"elementor-widget-container\">\n\t\t\t\t\t\t\t\t\t<h3><strong>Paveier <\/strong><\/h3><p>Leev Marie<\/p><h3><strong>Kl\u00fcngelk\u00f6pp <\/strong><\/h3><p>St\u00e4\u00e4ne<\/p><h3><strong>Kuhl un de G\u00e4ng <\/strong><\/h3><p>Ich han d\u00e4 Millowitsch jesinn<\/p><h3><strong>Wicky Junggeburth <\/strong><\/h3><p>Eimol Prinz zo sin en K\u00f6lle am Rhing<strong>&nbsp; &nbsp; &nbsp; &nbsp; &nbsp;&nbsp;<\/strong><\/p><p><span style=\"font-size: 28px;\"><b>Fritz Weber<\/b><\/span><\/p><p>Ich bin ne Koelsche Jung<\/p><h3><strong>K\u00f6lner Dreigestirn 2017<\/strong><\/h3><p>Wat w\u00f6r et Dreijesteen<\/p><p><span style=\"font-size: 28px;\"><b>&amp; eigene Lieder<\/b><\/span><\/p>\t\t\t\t\t\t\t\t<\/div>\n\t\t\t\t<\/div>\n\t\t\t\t\t<\/div>\n\t\t<\/div>\n\t\t\t\t<div class=\"elementor-column elementor-col-50 elementor-top-column elementor-element elementor-element-bb19dd7\" data-id=\"bb19dd7\" data-element_type=\"column\" data-e-type=\"column\">\n\t\t\t<div class=\"elementor-widget-wrap elementor-element-populated\">\n\t\t\t\t\t\t<div class=\"elementor-element elementor-element-e4b8724 elementor-widget elementor-widget-text-editor\" data-id=\"e4b8724\" data-element_type=\"widget\" data-e-type=\"widget\" data-widget_type=\"text-editor.default\">\n\t\t\t\t<div class=\"elementor-widget-container\">\n\t\t\t\t\t\t\t\t\t<p><b style=\"font-size: 28px; font-family: -apple-system, BlinkMacSystemFont, 'Segoe UI', Roboto, 'Helvetica Neue', Arial, 'Noto Sans', sans-serif, 'Apple Color Emoji', 'Segoe UI Emoji', 'Segoe UI Symbol', 'Noto Color Emoji';\">&nbsp;<\/b><b style=\"font-family: -apple-system, BlinkMacSystemFont, 'Segoe UI', Roboto, 'Helvetica Neue', Arial, 'Noto Sans', sans-serif, 'Apple Color Emoji', 'Segoe UI Emoji', 'Segoe UI Symbol', 'Noto Color Emoji'; font-size: 28px;\">Weihnachtsprogramm&nbsp;<\/b><\/p><p>45 Minuten klassische, k\u00f6lsche&nbsp; und internationale Weihnachtslieder &#8211; mit Weihnachtsmann!<\/p><p>(auch zum Mitsingen)<\/p>\t\t\t\t\t\t\t\t<\/div>\n\t\t\t\t<\/div>\n\t\t\t\t<div class=\"elementor-element elementor-element-c4363cb elementor-widget elementor-widget-image\" data-id=\"c4363cb\" data-element_type=\"widget\" data-e-type=\"widget\" data-widget_type=\"image.default\">\n\t\t\t\t<div class=\"elementor-widget-container\">\n\t\t\t\t\t\t\t\t\t\t\t\t\t\t\t<noscript><img fetchpriority=\"high\" decoding=\"async\" width=\"495\" height=\"377\" src=\"https:\/\/i0.wp.com\/mitsingding.koeln\/wp-content\/uploads\/2023\/12\/W-SHow-Bild1.jpg?fit=495%2C377&amp;ssl=1\" class=\"attachment-large size-large wp-image-4243\" alt srcset=\"https:\/\/i0.wp.com\/mitsingding.koeln\/wp-content\/uploads\/2023\/12\/W-SHow-Bild1.jpg?w=495&amp;ssl=1 495w, https:\/\/i0.wp.com\/mitsingding.koeln\/wp-content\/uploads\/2023\/12\/W-SHow-Bild1.jpg?resize=300%2C228&amp;ssl=1 300w\" sizes=\"(max-width: 495px) 100vw, 495px\"><\/noscript><img fetchpriority=\"high\" decoding=\"async\" width=\"495\" height=\"377\" src=\"data:image\/svg+xml,%3Csvg%20xmlns%3D%22http%3A%2F%2Fwww.w3.org%2F2000%2Fsvg%22%20viewBox%3D%220%200%20495%20377%22%3E%3C%2Fsvg%3E\" class=\"attachment-large size-large wp-image-4243 lazyload\" alt srcset=\"data:image\/svg+xml,%3Csvg%20xmlns%3D%22http%3A%2F%2Fwww.w3.org%2F2000%2Fsvg%22%20viewBox%3D%220%200%20495%20377%22%3E%3C%2Fsvg%3E 495w\" sizes=\"(max-width: 495px) 100vw, 495px\" data-srcset=\"https:\/\/i0.wp.com\/mitsingding.koeln\/wp-content\/uploads\/2023\/12\/W-SHow-Bild1.jpg?w=495&amp;ssl=1 495w, https:\/\/i0.wp.com\/mitsingding.koeln\/wp-content\/uploads\/2023\/12\/W-SHow-Bild1.jpg?resize=300%2C228&amp;ssl=1 300w\" data-src=\"https:\/\/i0.wp.com\/mitsingding.koeln\/wp-content\/uploads\/2023\/12\/W-SHow-Bild1.jpg?fit=495%2C377&amp;ssl=1\">\t\t\t\t\t\t\t\t\t\t\t\t\t\t\t<\/div>\n\t\t\t\t<\/div>\n\t\t\t\t\t<\/div>\n\t\t<\/div>\n\t\t\t\t\t<\/div>\n\t\t<\/section>\n\t\t\t\t<\/div>\n\t\t","protected":false},"excerpt":{"rendered":"<p>https:\/\/mitsingding.koeln\/wp-content\/uploads\/2022\/02\/Intro4.mp4 Mer spille met H\u00e4tz Stellt Euer Wunschprogramm selber zusammen! BL\u00c4CK F\u00d6\u00d6SS Mir losse d\u2019r Dom en K\u00f6lle In unserem Veedel Mer bruche keiner (Ahl S\u00e4u) Bye Bye my love De Mama kritt schon widder e Kind Kaffebud Drink doch ene met Ming eetste Fr\u00fcndin En d\u2019r Kayjass Nummer Null Katrin Du bis die Stadt [&hellip;]<\/p>\n","protected":false},"author":1,"featured_media":0,"parent":0,"menu_order":0,"comment_status":"closed","ping_status":"closed","template":"","meta":{"_monsterinsights_skip_tracking":false,"_monsterinsights_sitenote_active":false,"_monsterinsights_sitenote_note":"","_monsterinsights_sitenote_category":0,"footnotes":""},"class_list":["post-707","page","type-page","status-publish","hentry"],"yoast_head":"<!-- This site is optimized with the Yoast SEO plugin v27.4 - https:\/\/yoast.com\/product\/yoast-seo-wordpress\/ -->\n<title>K\u00f6lsches Programm - Mit Sing Ding<\/title>\n<meta name=\"robots\" content=\"index, follow, max-snippet:-1, max-image-preview:large, max-video-preview:-1\" \/>\n<link rel=\"canonical\" href=\"https:\/\/mitsingding.koeln\/?page_id=707\" \/>\n<meta property=\"og:locale\" content=\"de_DE\" \/>\n<meta property=\"og:type\" content=\"article\" \/>\n<meta property=\"og:title\" content=\"K\u00f6lsches Programm - Mit Sing Ding\" \/>\n<meta property=\"og:description\" content=\"https:\/\/mitsingding.koeln\/wp-content\/uploads\/2022\/02\/Intro4.mp4 Mer spille met H\u00e4tz Stellt Euer Wunschprogramm selber zusammen! BL\u00c4CK F\u00d6\u00d6SS Mir losse d\u2019r Dom en K\u00f6lle In unserem Veedel Mer bruche keiner (Ahl S\u00e4u) Bye Bye my love De Mama kritt schon widder e Kind Kaffebud Drink doch ene met Ming eetste Fr\u00fcndin En d\u2019r Kayjass Nummer Null Katrin Du bis die Stadt [&hellip;]\" \/>\n<meta property=\"og:url\" content=\"https:\/\/mitsingding.koeln\/?page_id=707\" \/>\n<meta property=\"og:site_name\" content=\"Mit Sing Ding\" \/>\n<meta property=\"article:modified_time\" content=\"2026-02-02T23:55:36+00:00\" \/>\n<meta property=\"og:image\" content=\"https:\/\/mitsingding.koeln\/wp-content\/uploads\/2023\/12\/W-SHow-Bild1.jpg\" \/>\n<meta name=\"twitter:card\" content=\"summary_large_image\" \/>\n<meta name=\"twitter:label1\" content=\"Gesch\u00e4tzte Lesezeit\" \/>\n\t<meta name=\"twitter:data1\" content=\"2\u00a0Minuten\" \/>\n<script type=\"application\/ld+json\" class=\"yoast-schema-graph\">{\"@context\":\"https:\\\/\\\/schema.org\",\"@graph\":[{\"@type\":\"WebPage\",\"@id\":\"https:\\\/\\\/mitsingding.koeln\\\/?page_id=707\",\"url\":\"https:\\\/\\\/mitsingding.koeln\\\/?page_id=707\",\"name\":\"K\u00f6lsches Programm - Mit Sing Ding\",\"isPartOf\":{\"@id\":\"https:\\\/\\\/mitsingding.koeln\\\/#website\"},\"primaryImageOfPage\":{\"@id\":\"https:\\\/\\\/mitsingding.koeln\\\/?page_id=707#primaryimage\"},\"image\":{\"@id\":\"https:\\\/\\\/mitsingding.koeln\\\/?page_id=707#primaryimage\"},\"thumbnailUrl\":\"https:\\\/\\\/mitsingding.koeln\\\/wp-content\\\/uploads\\\/2023\\\/12\\\/W-SHow-Bild1.jpg\",\"datePublished\":\"2022-02-03T12:41:17+00:00\",\"dateModified\":\"2026-02-02T23:55:36+00:00\",\"breadcrumb\":{\"@id\":\"https:\\\/\\\/mitsingding.koeln\\\/?page_id=707#breadcrumb\"},\"inLanguage\":\"de\",\"potentialAction\":[{\"@type\":\"ReadAction\",\"target\":[\"https:\\\/\\\/mitsingding.koeln\\\/?page_id=707\"]}]},{\"@type\":\"ImageObject\",\"inLanguage\":\"de\",\"@id\":\"https:\\\/\\\/mitsingding.koeln\\\/?page_id=707#primaryimage\",\"url\":\"https:\\\/\\\/i0.wp.com\\\/mitsingding.koeln\\\/wp-content\\\/uploads\\\/2023\\\/12\\\/W-SHow-Bild1.jpg?fit=495%2C377&ssl=1\",\"contentUrl\":\"https:\\\/\\\/i0.wp.com\\\/mitsingding.koeln\\\/wp-content\\\/uploads\\\/2023\\\/12\\\/W-SHow-Bild1.jpg?fit=495%2C377&ssl=1\",\"width\":495,\"height\":377},{\"@type\":\"BreadcrumbList\",\"@id\":\"https:\\\/\\\/mitsingding.koeln\\\/?page_id=707#breadcrumb\",\"itemListElement\":[{\"@type\":\"ListItem\",\"position\":1,\"name\":\"Startseite\",\"item\":\"https:\\\/\\\/mitsingding.koeln\\\/\"},{\"@type\":\"ListItem\",\"position\":2,\"name\":\"K\u00f6lsches Programm\"}]},{\"@type\":\"WebSite\",\"@id\":\"https:\\\/\\\/mitsingding.koeln\\\/#website\",\"url\":\"https:\\\/\\\/mitsingding.koeln\\\/\",\"name\":\"Mit Sing Ding\",\"description\":\"K\u00f6lsche Partyband, K\u00f6lsche Band, Musik, Live Musik, Hochzeitband, Karnevalsband, Live Band, Karneval, Sommerfest, Oktoberfest, Sitzung, Karnevalsparty, Eventband, Stadtfest Band, Firmenevent, Geburtstagsparty Band, Musikgruppe, Musikband, K\u00f6ln, H\u00f6hner, Bl\u00e4ck F\u00f6\u00f6ss, Brings, R\u00e4uber, Querbeat, Milj\u00f6, Kassala, Boore, Cat Ballou, Paveier, Kl\u00fcngelk\u00f6pp, Kuhl un de Gang, Wicky Junggeburth, Willy Millowitsch, Hans Knipp\",\"publisher\":{\"@id\":\"https:\\\/\\\/mitsingding.koeln\\\/#organization\"},\"potentialAction\":[{\"@type\":\"SearchAction\",\"target\":{\"@type\":\"EntryPoint\",\"urlTemplate\":\"https:\\\/\\\/mitsingding.koeln\\\/?s={search_term_string}\"},\"query-input\":{\"@type\":\"PropertyValueSpecification\",\"valueRequired\":true,\"valueName\":\"search_term_string\"}}],\"inLanguage\":\"de\"},{\"@type\":\"Organization\",\"@id\":\"https:\\\/\\\/mitsingding.koeln\\\/#organization\",\"name\":\"Mit Sing Ding\",\"url\":\"https:\\\/\\\/mitsingding.koeln\\\/\",\"logo\":{\"@type\":\"ImageObject\",\"inLanguage\":\"de\",\"@id\":\"https:\\\/\\\/mitsingding.koeln\\\/#\\\/schema\\\/logo\\\/image\\\/\",\"url\":\"https:\\\/\\\/i0.wp.com\\\/mitsingding.koeln\\\/wp-content\\\/uploads\\\/2022\\\/01\\\/SmallSquareLogoJpg.jpg?fit=200%2C200&ssl=1\",\"contentUrl\":\"https:\\\/\\\/i0.wp.com\\\/mitsingding.koeln\\\/wp-content\\\/uploads\\\/2022\\\/01\\\/SmallSquareLogoJpg.jpg?fit=200%2C200&ssl=1\",\"width\":200,\"height\":200,\"caption\":\"Mit Sing Ding\"},\"image\":{\"@id\":\"https:\\\/\\\/mitsingding.koeln\\\/#\\\/schema\\\/logo\\\/image\\\/\"},\"sameAs\":[\"https:\\\/\\\/www.youtube.com\\\/channel\\\/UCSnPg3GAzo3YnnLnVsaLHmA\\\/featured\"]}]}<\/script>\n<!-- \/ Yoast SEO plugin. -->","yoast_head_json":{"title":"K\u00f6lsches Programm - Mit Sing Ding","robots":{"index":"index","follow":"follow","max-snippet":"max-snippet:-1","max-image-preview":"max-image-preview:large","max-video-preview":"max-video-preview:-1"},"canonical":"https:\/\/mitsingding.koeln\/?page_id=707","og_locale":"de_DE","og_type":"article","og_title":"K\u00f6lsches Programm - Mit Sing Ding","og_description":"https:\/\/mitsingding.koeln\/wp-content\/uploads\/2022\/02\/Intro4.mp4 Mer spille met H\u00e4tz Stellt Euer Wunschprogramm selber zusammen! BL\u00c4CK F\u00d6\u00d6SS Mir losse d\u2019r Dom en K\u00f6lle In unserem Veedel Mer bruche keiner (Ahl S\u00e4u) Bye Bye my love De Mama kritt schon widder e Kind Kaffebud Drink doch ene met Ming eetste Fr\u00fcndin En d\u2019r Kayjass Nummer Null Katrin Du bis die Stadt [&hellip;]","og_url":"https:\/\/mitsingding.koeln\/?page_id=707","og_site_name":"Mit Sing Ding","article_modified_time":"2026-02-02T23:55:36+00:00","og_image":[{"url":"https:\/\/mitsingding.koeln\/wp-content\/uploads\/2023\/12\/W-SHow-Bild1.jpg","type":"","width":"","height":""}],"twitter_card":"summary_large_image","twitter_misc":{"Gesch\u00e4tzte Lesezeit":"2\u00a0Minuten"},"schema":{"@context":"https:\/\/schema.org","@graph":[{"@type":"WebPage","@id":"https:\/\/mitsingding.koeln\/?page_id=707","url":"https:\/\/mitsingding.koeln\/?page_id=707","name":"K\u00f6lsches Programm - Mit Sing Ding","isPartOf":{"@id":"https:\/\/mitsingding.koeln\/#website"},"primaryImageOfPage":{"@id":"https:\/\/mitsingding.koeln\/?page_id=707#primaryimage"},"image":{"@id":"https:\/\/mitsingding.koeln\/?page_id=707#primaryimage"},"thumbnailUrl":"https:\/\/mitsingding.koeln\/wp-content\/uploads\/2023\/12\/W-SHow-Bild1.jpg","datePublished":"2022-02-03T12:41:17+00:00","dateModified":"2026-02-02T23:55:36+00:00","breadcrumb":{"@id":"https:\/\/mitsingding.koeln\/?page_id=707#breadcrumb"},"inLanguage":"de","potentialAction":[{"@type":"ReadAction","target":["https:\/\/mitsingding.koeln\/?page_id=707"]}]},{"@type":"ImageObject","inLanguage":"de","@id":"https:\/\/mitsingding.koeln\/?page_id=707#primaryimage","url":"https:\/\/i0.wp.com\/mitsingding.koeln\/wp-content\/uploads\/2023\/12\/W-SHow-Bild1.jpg?fit=495%2C377&ssl=1","contentUrl":"https:\/\/i0.wp.com\/mitsingding.koeln\/wp-content\/uploads\/2023\/12\/W-SHow-Bild1.jpg?fit=495%2C377&ssl=1","width":495,"height":377},{"@type":"BreadcrumbList","@id":"https:\/\/mitsingding.koeln\/?page_id=707#breadcrumb","itemListElement":[{"@type":"ListItem","position":1,"name":"Startseite","item":"https:\/\/mitsingding.koeln\/"},{"@type":"ListItem","position":2,"name":"K\u00f6lsches Programm"}]},{"@type":"WebSite","@id":"https:\/\/mitsingding.koeln\/#website","url":"https:\/\/mitsingding.koeln\/","name":"Mit Sing Ding","description":"K\u00f6lsche Partyband, K\u00f6lsche Band, Musik, Live Musik, Hochzeitband, Karnevalsband, Live Band, Karneval, Sommerfest, Oktoberfest, Sitzung, Karnevalsparty, Eventband, Stadtfest Band, Firmenevent, Geburtstagsparty Band, Musikgruppe, Musikband, K\u00f6ln, H\u00f6hner, Bl\u00e4ck F\u00f6\u00f6ss, Brings, R\u00e4uber, Querbeat, Milj\u00f6, Kassala, Boore, Cat Ballou, Paveier, Kl\u00fcngelk\u00f6pp, Kuhl un de Gang, Wicky Junggeburth, Willy Millowitsch, Hans Knipp","publisher":{"@id":"https:\/\/mitsingding.koeln\/#organization"},"potentialAction":[{"@type":"SearchAction","target":{"@type":"EntryPoint","urlTemplate":"https:\/\/mitsingding.koeln\/?s={search_term_string}"},"query-input":{"@type":"PropertyValueSpecification","valueRequired":true,"valueName":"search_term_string"}}],"inLanguage":"de"},{"@type":"Organization","@id":"https:\/\/mitsingding.koeln\/#organization","name":"Mit Sing Ding","url":"https:\/\/mitsingding.koeln\/","logo":{"@type":"ImageObject","inLanguage":"de","@id":"https:\/\/mitsingding.koeln\/#\/schema\/logo\/image\/","url":"https:\/\/i0.wp.com\/mitsingding.koeln\/wp-content\/uploads\/2022\/01\/SmallSquareLogoJpg.jpg?fit=200%2C200&ssl=1","contentUrl":"https:\/\/i0.wp.com\/mitsingding.koeln\/wp-content\/uploads\/2022\/01\/SmallSquareLogoJpg.jpg?fit=200%2C200&ssl=1","width":200,"height":200,"caption":"Mit Sing Ding"},"image":{"@id":"https:\/\/mitsingding.koeln\/#\/schema\/logo\/image\/"},"sameAs":["https:\/\/www.youtube.com\/channel\/UCSnPg3GAzo3YnnLnVsaLHmA\/featured"]}]}},"jetpack_sharing_enabled":true,"_links":{"self":[{"href":"https:\/\/mitsingding.koeln\/index.php?rest_route=\/wp\/v2\/pages\/707","targetHints":{"allow":["GET"]}}],"collection":[{"href":"https:\/\/mitsingding.koeln\/index.php?rest_route=\/wp\/v2\/pages"}],"about":[{"href":"https:\/\/mitsingding.koeln\/index.php?rest_route=\/wp\/v2\/types\/page"}],"author":[{"embeddable":true,"href":"https:\/\/mitsingding.koeln\/index.php?rest_route=\/wp\/v2\/users\/1"}],"replies":[{"embeddable":true,"href":"https:\/\/mitsingding.koeln\/index.php?rest_route=%2Fwp%2Fv2%2Fcomments&post=707"}],"version-history":[{"count":142,"href":"https:\/\/mitsingding.koeln\/index.php?rest_route=\/wp\/v2\/pages\/707\/revisions"}],"predecessor-version":[{"id":4436,"href":"https:\/\/mitsingding.koeln\/index.php?rest_route=\/wp\/v2\/pages\/707\/revisions\/4436"}],"wp:attachment":[{"href":"https:\/\/mitsingding.koeln\/index.php?rest_route=%2Fwp%2Fv2%2Fmedia&parent=707"}],"curies":[{"name":"wp","href":"https:\/\/api.w.org\/{rel}","templated":true}]}}