{"id":711,"date":"2022-02-03T12:41:17","date_gmt":"2022-02-03T12:41:17","guid":{"rendered":"https:\/\/mitsingding.koeln\/?page_id=711"},"modified":"2022-10-17T09:22:12","modified_gmt":"2022-10-17T09:22:12","slug":"impressum","status":"publish","type":"page","link":"https:\/\/mitsingding.koeln\/?page_id=711","title":{"rendered":"Impressum"},"content":{"rendered":"\t\t<div data-elementor-type=\"wp-page\" data-elementor-id=\"711\" class=\"elementor elementor-711\" data-elementor-post-type=\"page\">\n\t\t\t\t\t\t<section class=\"elementor-section elementor-top-section elementor-element elementor-element-793bfe1 elementor-section-boxed elementor-section-height-default elementor-section-height-default\" data-id=\"793bfe1\" data-element_type=\"section\" data-e-type=\"section\">\n\t\t\t\t\t\t<div class=\"elementor-container elementor-column-gap-default\">\n\t\t\t\t\t<div class=\"elementor-column elementor-col-100 elementor-top-column elementor-element elementor-element-ee4efb9\" data-id=\"ee4efb9\" data-element_type=\"column\" data-e-type=\"column\">\n\t\t\t<div class=\"elementor-widget-wrap elementor-element-populated\">\n\t\t\t\t\t\t<div class=\"elementor-element elementor-element-a101746 elementor-widget elementor-widget-text-editor\" data-id=\"a101746\" data-element_type=\"widget\" data-e-type=\"widget\" data-widget_type=\"text-editor.default\">\n\t\t\t\t<div class=\"elementor-widget-container\">\n\t\t\t\t\t\t\t\t\t<p><strong>Impressum\u00a0<\/strong><br \/>mitsingding.koeln sowie mitsingding.com<\/p><p>\u201eMit Sing Ding\u201c ist eine eingetragene Wort und Bildmarke<br \/>beim Marken- und Patentamt der Bundesrepublik Deutschland<br \/>Marken Nr. 30 2021 207 349<br \/>AZ 30 2021 207 349.9<\/p><p><strong>Vertreten durch:<\/strong><br \/>Prof. Dr. Dietmar Barzen (Markeninhaber)<br \/>Obere Dorfstr. 41b<br \/>D-50829 K\u00f6ln<br \/>Mail: mitsingding@t-online.de<br \/>Tel.: +49 (0)221 \u2013 947 2000<br \/>Tel.: +49 (0)221 \u2013 950 2277<\/p><p><strong>Geltungsbereich des Impressums<\/strong><br \/>Dieses Impressum findet Anwendung auf die Webseiten unter der URL der mitsingding.koeln und der mitsingding.com<br \/>Es findet auch Anwendung auf die unter den nachfolgenden Domains abrufbaren Profile von soweit sie auf dieses Impressum verlinken: facebook.com, google.com, instagram.com, youtube.de, maps.google.com, linkedin.com, twitter.com, xing.de.,fc.de, tiktok.com<br \/>Verantwortlich f\u00fcr den Inhalt nach \u00a7 55 Abs. 2 RStV<br \/>Prof. Dr. Dietmar Barzen<br \/>Obere Dorfstr. 41b<br \/>D-50829 K\u00f6ln<br \/>Mail: mitsingding@t-online.de<br \/>Tel.: +49 (0)221 \u2013 947 2000<br \/>Tel.: +49 (0)221 \u2013 950 2277<\/p>\t\t\t\t\t\t\t\t<\/div>\n\t\t\t\t<\/div>\n\t\t\t\t\t<\/div>\n\t\t<\/div>\n\t\t\t\t\t<\/div>\n\t\t<\/section>\n\t\t\t\t<\/div>\n\t\t","protected":false},"excerpt":{"rendered":"<p>Impressum\u00a0mitsingding.koeln sowie mitsingding.com \u201eMit Sing Ding\u201c ist eine eingetragene Wort und Bildmarkebeim Marken- und Patentamt der Bundesrepublik DeutschlandMarken Nr. 30 2021 207 349AZ 30 2021 207 349.9 Vertreten durch:Prof. Dr. Dietmar Barzen (Markeninhaber)Obere Dorfstr. 41bD-50829 K\u00f6lnMail: mitsingding@t-online.deTel.: +49 (0)221 \u2013 947 2000Tel.: +49 (0)221 \u2013 950 2277 Geltungsbereich des ImpressumsDieses Impressum findet Anwendung auf die [&hellip;]<\/p>\n","protected":false},"author":1,"featured_media":0,"parent":0,"menu_order":0,"comment_status":"closed","ping_status":"closed","template":"","meta":{"_monsterinsights_skip_tracking":false,"_monsterinsights_sitenote_active":false,"_monsterinsights_sitenote_note":"","_monsterinsights_sitenote_category":0,"footnotes":""},"class_list":["post-711","page","type-page","status-publish","hentry"],"yoast_head":"<!-- This site is optimized with the Yoast SEO plugin v27.4 - https:\/\/yoast.com\/product\/yoast-seo-wordpress\/ -->\n<title>Impressum - Mit Sing Ding<\/title>\n<meta name=\"robots\" content=\"index, follow, max-snippet:-1, max-image-preview:large, max-video-preview:-1\" \/>\n<link rel=\"canonical\" href=\"https:\/\/mitsingding.koeln\/?page_id=711\" \/>\n<meta property=\"og:locale\" content=\"de_DE\" \/>\n<meta property=\"og:type\" content=\"article\" \/>\n<meta property=\"og:title\" content=\"Impressum - Mit Sing Ding\" \/>\n<meta property=\"og:description\" content=\"Impressum\u00a0mitsingding.koeln sowie mitsingding.com \u201eMit Sing Ding\u201c ist eine eingetragene Wort und Bildmarkebeim Marken- und Patentamt der Bundesrepublik DeutschlandMarken Nr. 30 2021 207 349AZ 30 2021 207 349.9 Vertreten durch:Prof. Dr. Dietmar Barzen (Markeninhaber)Obere Dorfstr. 41bD-50829 K\u00f6lnMail: mitsingding@t-online.deTel.: +49 (0)221 \u2013 947 2000Tel.: +49 (0)221 \u2013 950 2277 Geltungsbereich des ImpressumsDieses Impressum findet Anwendung auf die [&hellip;]\" \/>\n<meta property=\"og:url\" content=\"https:\/\/mitsingding.koeln\/?page_id=711\" \/>\n<meta property=\"og:site_name\" content=\"Mit Sing Ding\" \/>\n<meta property=\"article:modified_time\" content=\"2022-10-17T09:22:12+00:00\" \/>\n<meta name=\"twitter:card\" content=\"summary_large_image\" \/>\n<meta name=\"twitter:label1\" content=\"Gesch\u00e4tzte Lesezeit\" \/>\n\t<meta name=\"twitter:data1\" content=\"1\u00a0Minute\" \/>\n<script type=\"application\/ld+json\" class=\"yoast-schema-graph\">{\"@context\":\"https:\\\/\\\/schema.org\",\"@graph\":[{\"@type\":\"WebPage\",\"@id\":\"https:\\\/\\\/mitsingding.koeln\\\/?page_id=711\",\"url\":\"https:\\\/\\\/mitsingding.koeln\\\/?page_id=711\",\"name\":\"Impressum - Mit Sing Ding\",\"isPartOf\":{\"@id\":\"https:\\\/\\\/mitsingding.koeln\\\/#website\"},\"datePublished\":\"2022-02-03T12:41:17+00:00\",\"dateModified\":\"2022-10-17T09:22:12+00:00\",\"breadcrumb\":{\"@id\":\"https:\\\/\\\/mitsingding.koeln\\\/?page_id=711#breadcrumb\"},\"inLanguage\":\"de\",\"potentialAction\":[{\"@type\":\"ReadAction\",\"target\":[\"https:\\\/\\\/mitsingding.koeln\\\/?page_id=711\"]}]},{\"@type\":\"BreadcrumbList\",\"@id\":\"https:\\\/\\\/mitsingding.koeln\\\/?page_id=711#breadcrumb\",\"itemListElement\":[{\"@type\":\"ListItem\",\"position\":1,\"name\":\"Startseite\",\"item\":\"https:\\\/\\\/mitsingding.koeln\\\/\"},{\"@type\":\"ListItem\",\"position\":2,\"name\":\"Impressum\"}]},{\"@type\":\"WebSite\",\"@id\":\"https:\\\/\\\/mitsingding.koeln\\\/#website\",\"url\":\"https:\\\/\\\/mitsingding.koeln\\\/\",\"name\":\"Mit Sing Ding\",\"description\":\"K\u00f6lsche Partyband, K\u00f6lsche Band, Musik, Live Musik, Hochzeitband, Karnevalsband, Live Band, Karneval, Sommerfest, Oktoberfest, Sitzung, Karnevalsparty, Eventband, Stadtfest Band, Firmenevent, Geburtstagsparty Band, Musikgruppe, Musikband, K\u00f6ln, H\u00f6hner, Bl\u00e4ck F\u00f6\u00f6ss, Brings, R\u00e4uber, Querbeat, Milj\u00f6, Kassala, Boore, Cat Ballou, Paveier, Kl\u00fcngelk\u00f6pp, Kuhl un de Gang, Wicky Junggeburth, Willy Millowitsch, Hans Knipp\",\"publisher\":{\"@id\":\"https:\\\/\\\/mitsingding.koeln\\\/#organization\"},\"potentialAction\":[{\"@type\":\"SearchAction\",\"target\":{\"@type\":\"EntryPoint\",\"urlTemplate\":\"https:\\\/\\\/mitsingding.koeln\\\/?s={search_term_string}\"},\"query-input\":{\"@type\":\"PropertyValueSpecification\",\"valueRequired\":true,\"valueName\":\"search_term_string\"}}],\"inLanguage\":\"de\"},{\"@type\":\"Organization\",\"@id\":\"https:\\\/\\\/mitsingding.koeln\\\/#organization\",\"name\":\"Mit Sing Ding\",\"url\":\"https:\\\/\\\/mitsingding.koeln\\\/\",\"logo\":{\"@type\":\"ImageObject\",\"inLanguage\":\"de\",\"@id\":\"https:\\\/\\\/mitsingding.koeln\\\/#\\\/schema\\\/logo\\\/image\\\/\",\"url\":\"https:\\\/\\\/i0.wp.com\\\/mitsingding.koeln\\\/wp-content\\\/uploads\\\/2022\\\/01\\\/SmallSquareLogoJpg.jpg?fit=200%2C200&ssl=1\",\"contentUrl\":\"https:\\\/\\\/i0.wp.com\\\/mitsingding.koeln\\\/wp-content\\\/uploads\\\/2022\\\/01\\\/SmallSquareLogoJpg.jpg?fit=200%2C200&ssl=1\",\"width\":200,\"height\":200,\"caption\":\"Mit Sing Ding\"},\"image\":{\"@id\":\"https:\\\/\\\/mitsingding.koeln\\\/#\\\/schema\\\/logo\\\/image\\\/\"},\"sameAs\":[\"https:\\\/\\\/www.youtube.com\\\/channel\\\/UCSnPg3GAzo3YnnLnVsaLHmA\\\/featured\"]}]}<\/script>\n<!-- \/ Yoast SEO plugin. -->","yoast_head_json":{"title":"Impressum - Mit Sing Ding","robots":{"index":"index","follow":"follow","max-snippet":"max-snippet:-1","max-image-preview":"max-image-preview:large","max-video-preview":"max-video-preview:-1"},"canonical":"https:\/\/mitsingding.koeln\/?page_id=711","og_locale":"de_DE","og_type":"article","og_title":"Impressum - Mit Sing Ding","og_description":"Impressum\u00a0mitsingding.koeln sowie mitsingding.com \u201eMit Sing Ding\u201c ist eine eingetragene Wort und Bildmarkebeim Marken- und Patentamt der Bundesrepublik DeutschlandMarken Nr. 30 2021 207 349AZ 30 2021 207 349.9 Vertreten durch:Prof. Dr. Dietmar Barzen (Markeninhaber)Obere Dorfstr. 41bD-50829 K\u00f6lnMail: mitsingding@t-online.deTel.: +49 (0)221 \u2013 947 2000Tel.: +49 (0)221 \u2013 950 2277 Geltungsbereich des ImpressumsDieses Impressum findet Anwendung auf die [&hellip;]","og_url":"https:\/\/mitsingding.koeln\/?page_id=711","og_site_name":"Mit Sing Ding","article_modified_time":"2022-10-17T09:22:12+00:00","twitter_card":"summary_large_image","twitter_misc":{"Gesch\u00e4tzte Lesezeit":"1\u00a0Minute"},"schema":{"@context":"https:\/\/schema.org","@graph":[{"@type":"WebPage","@id":"https:\/\/mitsingding.koeln\/?page_id=711","url":"https:\/\/mitsingding.koeln\/?page_id=711","name":"Impressum - Mit Sing Ding","isPartOf":{"@id":"https:\/\/mitsingding.koeln\/#website"},"datePublished":"2022-02-03T12:41:17+00:00","dateModified":"2022-10-17T09:22:12+00:00","breadcrumb":{"@id":"https:\/\/mitsingding.koeln\/?page_id=711#breadcrumb"},"inLanguage":"de","potentialAction":[{"@type":"ReadAction","target":["https:\/\/mitsingding.koeln\/?page_id=711"]}]},{"@type":"BreadcrumbList","@id":"https:\/\/mitsingding.koeln\/?page_id=711#breadcrumb","itemListElement":[{"@type":"ListItem","position":1,"name":"Startseite","item":"https:\/\/mitsingding.koeln\/"},{"@type":"ListItem","position":2,"name":"Impressum"}]},{"@type":"WebSite","@id":"https:\/\/mitsingding.koeln\/#website","url":"https:\/\/mitsingding.koeln\/","name":"Mit Sing Ding","description":"K\u00f6lsche Partyband, K\u00f6lsche Band, Musik, Live Musik, Hochzeitband, Karnevalsband, Live Band, Karneval, Sommerfest, Oktoberfest, Sitzung, Karnevalsparty, Eventband, Stadtfest Band, Firmenevent, Geburtstagsparty Band, Musikgruppe, Musikband, K\u00f6ln, H\u00f6hner, Bl\u00e4ck F\u00f6\u00f6ss, Brings, R\u00e4uber, Querbeat, Milj\u00f6, Kassala, Boore, Cat Ballou, Paveier, Kl\u00fcngelk\u00f6pp, Kuhl un de Gang, Wicky Junggeburth, Willy Millowitsch, Hans Knipp","publisher":{"@id":"https:\/\/mitsingding.koeln\/#organization"},"potentialAction":[{"@type":"SearchAction","target":{"@type":"EntryPoint","urlTemplate":"https:\/\/mitsingding.koeln\/?s={search_term_string}"},"query-input":{"@type":"PropertyValueSpecification","valueRequired":true,"valueName":"search_term_string"}}],"inLanguage":"de"},{"@type":"Organization","@id":"https:\/\/mitsingding.koeln\/#organization","name":"Mit Sing Ding","url":"https:\/\/mitsingding.koeln\/","logo":{"@type":"ImageObject","inLanguage":"de","@id":"https:\/\/mitsingding.koeln\/#\/schema\/logo\/image\/","url":"https:\/\/i0.wp.com\/mitsingding.koeln\/wp-content\/uploads\/2022\/01\/SmallSquareLogoJpg.jpg?fit=200%2C200&ssl=1","contentUrl":"https:\/\/i0.wp.com\/mitsingding.koeln\/wp-content\/uploads\/2022\/01\/SmallSquareLogoJpg.jpg?fit=200%2C200&ssl=1","width":200,"height":200,"caption":"Mit Sing Ding"},"image":{"@id":"https:\/\/mitsingding.koeln\/#\/schema\/logo\/image\/"},"sameAs":["https:\/\/www.youtube.com\/channel\/UCSnPg3GAzo3YnnLnVsaLHmA\/featured"]}]}},"jetpack_sharing_enabled":true,"_links":{"self":[{"href":"https:\/\/mitsingding.koeln\/index.php?rest_route=\/wp\/v2\/pages\/711","targetHints":{"allow":["GET"]}}],"collection":[{"href":"https:\/\/mitsingding.koeln\/index.php?rest_route=\/wp\/v2\/pages"}],"about":[{"href":"https:\/\/mitsingding.koeln\/index.php?rest_route=\/wp\/v2\/types\/page"}],"author":[{"embeddable":true,"href":"https:\/\/mitsingding.koeln\/index.php?rest_route=\/wp\/v2\/users\/1"}],"replies":[{"embeddable":true,"href":"https:\/\/mitsingding.koeln\/index.php?rest_route=%2Fwp%2Fv2%2Fcomments&post=711"}],"version-history":[{"count":19,"href":"https:\/\/mitsingding.koeln\/index.php?rest_route=\/wp\/v2\/pages\/711\/revisions"}],"predecessor-version":[{"id":4066,"href":"https:\/\/mitsingding.koeln\/index.php?rest_route=\/wp\/v2\/pages\/711\/revisions\/4066"}],"wp:attachment":[{"href":"https:\/\/mitsingding.koeln\/index.php?rest_route=%2Fwp%2Fv2%2Fmedia&parent=711"}],"curies":[{"name":"wp","href":"https:\/\/api.w.org\/{rel}","templated":true}]}}